{"id":2046,"date":"2025-01-29T20:59:21","date_gmt":"2025-01-29T19:59:21","guid":{"rendered":"https:\/\/zygomax.me\/?page_id=2046"},"modified":"2025-01-29T20:59:21","modified_gmt":"2025-01-29T19:59:21","slug":"branislav-nadazdin","status":"publish","type":"page","link":"https:\/\/zygomax.me\/en\/branislav-nadazdin\/","title":{"rendered":"Branislav Nada\u017edin"},"content":{"rendered":"<p>Dr. Branislav Nada\u017edin graduated from the Faculty of Dentistry in Belgrade in 2012, where he earned the title of Doctor of Dentistry. He completed his specialization in oral surgery in 2018 at the Department of Oral Surgery, University of Pristina, with a temporary transfer to Kosovska Mitrovica.<\/p>\n<p>He has advanced his skills in the fields of dental implantology and bone regeneration through numerous training courses in Serbia, Bosnia and Herzegovina, Croatia, Italy, Slovenia, Austria and Brazil. During his career, in addition to conventional dentistry, he has particularly focused on basal implantology, successfully solving the most complex cases of bone atrophy and congenital deformities.<\/p>\n<p>Dr. Nada\u017edin is a co-owner of two diagnostic centers in Belgrade, as well as dental practices in Belgrade (Serbia) and Tesli\u0107 (BiH). His extensive experience and dedication to professional development make him a recognized expert in the field of oral surgery.<\/p>","protected":false},"excerpt":{"rendered":"<p>Dr Branislav Nada\u017edin diplomirao je 2012. godine na Stomatolo\u0161kom fakultetu u Beogradu, gde je stekao zvanje doktora stomatologije. Svoju specijalizaciju iz oralne hirurgije zavr\u0161io je 2018. godine na Katedri za oralnu hirurgiju Univerziteta u Pri\u0161tini, sa privremenim preme\u0161tajem u Kosovskoj Mitrovici. Usavr\u0161avao se u oblastima dentalne implantologije i ko\u0161tane regeneracije kroz brojne edukacije u Srbiji, [&hellip;]<\/p>","protected":false},"author":1,"featured_media":0,"parent":0,"menu_order":0,"comment_status":"closed","ping_status":"closed","template":"","meta":{"footnotes":""},"class_list":["post-2046","page","type-page","status-publish","hentry"],"_links":{"self":[{"href":"https:\/\/zygomax.me\/en\/wp-json\/wp\/v2\/pages\/2046","targetHints":{"allow":["GET"]}}],"collection":[{"href":"https:\/\/zygomax.me\/en\/wp-json\/wp\/v2\/pages"}],"about":[{"href":"https:\/\/zygomax.me\/en\/wp-json\/wp\/v2\/types\/page"}],"author":[{"embeddable":true,"href":"https:\/\/zygomax.me\/en\/wp-json\/wp\/v2\/users\/1"}],"replies":[{"embeddable":true,"href":"https:\/\/zygomax.me\/en\/wp-json\/wp\/v2\/comments?post=2046"}],"version-history":[{"count":2,"href":"https:\/\/zygomax.me\/en\/wp-json\/wp\/v2\/pages\/2046\/revisions"}],"predecessor-version":[{"id":2048,"href":"https:\/\/zygomax.me\/en\/wp-json\/wp\/v2\/pages\/2046\/revisions\/2048"}],"wp:attachment":[{"href":"https:\/\/zygomax.me\/en\/wp-json\/wp\/v2\/media?parent=2046"}],"curies":[{"name":"wp","href":"https:\/\/api.w.org\/{rel}","templated":true}]}}