{"id":2049,"date":"2025-01-29T20:59:49","date_gmt":"2025-01-29T19:59:49","guid":{"rendered":"https:\/\/zygomax.me\/?page_id=2049"},"modified":"2025-01-29T20:59:49","modified_gmt":"2025-01-29T19:59:49","slug":"manuel-mingione","status":"publish","type":"page","link":"https:\/\/zygomax.me\/en\/manuel-mingione\/","title":{"rendered":"Manuel Mingione"},"content":{"rendered":"<p>He graduated in Dentistry at Alma Mater Studiorum \u2013 University of Bologna, with an experimental thesis \u2013 Zygomatic Implantology for the Rehabilitation of Oncological Patients Previously Treated with Maxillary Resection. Being very dedicated to the subject, he became a Master of Science in Oral Surgery and Implantology. He attended various theoretical-practical courses and congresses, both in Italy and worldwide. He shared his knowledge and experience on zygomatic implantology and full-arch implant rehabilitation with current loading (using nasal, transsinus, pterygoid and transnasal implants) as a speaker and mentor for patients and at CadaverLab trainings. He is a lecturer at the University Postgraduate Studies in Oral Rehabilitation with Zygomatic Implants, Vita-Salute San Raffaele University in Milan. He has treated more than 500 cases of severe maxillary atrophy, in his private practice in Italy.<\/p>","protected":false},"excerpt":{"rendered":"<p>Diplomirao je stomatologiju na Alma Mater Studiorum &#8211; Univerziteta u Bolonji, sa eksperimentalnom tezom &#8211; Zigomatska implantologija za rehabilitaciju onkolo\u0161kih pacijenata koji su prethodno lije\u010deni maksilarnom resekcijom. Kao vrlo posve\u0107en temi, postao je magistar nauke iz oralne hirurgije i implantologije. Poha\u0111ao je razli\u010dite teorijsko- prakti\u010dne kurseve i kongrese, kako u Italiji tako i \u0161irom svijeta. [&hellip;]<\/p>","protected":false},"author":1,"featured_media":0,"parent":0,"menu_order":0,"comment_status":"closed","ping_status":"closed","template":"","meta":{"footnotes":""},"class_list":["post-2049","page","type-page","status-publish","hentry"],"_links":{"self":[{"href":"https:\/\/zygomax.me\/en\/wp-json\/wp\/v2\/pages\/2049","targetHints":{"allow":["GET"]}}],"collection":[{"href":"https:\/\/zygomax.me\/en\/wp-json\/wp\/v2\/pages"}],"about":[{"href":"https:\/\/zygomax.me\/en\/wp-json\/wp\/v2\/types\/page"}],"author":[{"embeddable":true,"href":"https:\/\/zygomax.me\/en\/wp-json\/wp\/v2\/users\/1"}],"replies":[{"embeddable":true,"href":"https:\/\/zygomax.me\/en\/wp-json\/wp\/v2\/comments?post=2049"}],"version-history":[{"count":2,"href":"https:\/\/zygomax.me\/en\/wp-json\/wp\/v2\/pages\/2049\/revisions"}],"predecessor-version":[{"id":2051,"href":"https:\/\/zygomax.me\/en\/wp-json\/wp\/v2\/pages\/2049\/revisions\/2051"}],"wp:attachment":[{"href":"https:\/\/zygomax.me\/en\/wp-json\/wp\/v2\/media?parent=2049"}],"curies":[{"name":"wp","href":"https:\/\/api.w.org\/{rel}","templated":true}]}}